{"id":127,"date":"2019-01-05T19:17:51","date_gmt":"2019-01-05T18:17:51","guid":{"rendered":"http:\/\/annecadillon.fr\/?page_id=127"},"modified":"2019-01-07T16:18:54","modified_gmt":"2019-01-07T15:18:54","slug":"pour-qui-pourquoi","status":"publish","type":"page","link":"https:\/\/annecadillon.fr\/index.php\/pour-qui-pourquoi\/","title":{"rendered":"Pour qui ? Pourquoi ?"},"content":{"rendered":"\n<p>Certains \u00e9v\u00e9nements de la vie nous malm\u00e8nent. Si vous subissez encore les cons\u00e9quences de ces \u00e9preuves, de ces maladies, de ces traumatismes&#8230; et que vous souhaitez enfin vous en lib\u00e9rer pour avancer, alors <strong>venez prendre soin de vous<\/strong> . <\/p>\n\n\n\n<p>Votre situation personnelle vous fatigue (d\u00e9valorisation, timidit\u00e9, solitude, impuissance \u00e0 mener votre vie&#8230;)<\/p>\n\n\n\n<p>Votre situation familiale (conflits, difficult\u00e9s affectives et relationnelles), conjugale (s\u00e9paration, divorce, jalousie)  ne vous convient plus.<\/p>\n\n\n\n<p>Votre situation professionnelle (\u00e9puisement, harc\u00e8lement, d\u00e9motivation, \u00e9chec&#8230;) vous rend malade !<\/p>\n\n\n\n<p>Sortez de cette spirale et venez vous rencontrer. Mon accompagnement, vous aidera \u00e0 sortir de vos croyances et automatismes. A r\u00e9tablir l&rsquo;estime que vous vous portez, en vous appuyant sur vos propres ressources et qualit\u00e9s. A la rencontre de votre \u00catre v\u00e9ritable en devenir.<\/p>\n\n\n\n<p>Venez rencontrer votre \u00e9nergie cr\u00e9atrice. Venez retrouver un sens \u00e0 la Vie. Venez prendre le temps de vous poser, de parler de votre histoire, dans un espace chaleureux et bienveillant dans lequel vous serez accueilli sans apriori. N&rsquo;ayez crainte, tout passe, rien ne dure et vous verrez qu&rsquo;il est possible de vivre en paix avec Soi et les autres. <\/p>\n\n\n\n<p>Faites-vous confiance  \ud83d\ude0a<\/p>\n","protected":false},"excerpt":{"rendered":"<p>Certains \u00e9v\u00e9nements de la vie nous malm\u00e8nent. Si vous subissez encore les cons\u00e9quences de ces \u00e9preuves, de ces maladies, de ces traumatismes&#8230; et que vous souhaitez enfin vous en lib\u00e9rer pour avancer, alors venez prendre soin de vous . Votre situation personnelle vous fatigue (d\u00e9valorisation, timidit\u00e9, solitude, impuissance \u00e0 mener votre vie&#8230;) Votre situation familiale &hellip; <\/p>\n<p class=\"link-more\"><a href=\"https:\/\/annecadillon.fr\/index.php\/pour-qui-pourquoi\/\" class=\"more-link\">Continuer la lecture<span class=\"screen-reader-text\"> de &laquo;&nbsp;Pour qui ? Pourquoi ?&nbsp;&raquo;<\/span><\/a><\/p>\n","protected":false},"author":1,"featured_media":0,"parent":0,"menu_order":0,"comment_status":"closed","ping_status":"closed","template":"","meta":[],"_links":{"self":[{"href":"https:\/\/annecadillon.fr\/index.php\/wp-json\/wp\/v2\/pages\/127"}],"collection":[{"href":"https:\/\/annecadillon.fr\/index.php\/wp-json\/wp\/v2\/pages"}],"about":[{"href":"https:\/\/annecadillon.fr\/index.php\/wp-json\/wp\/v2\/types\/page"}],"author":[{"embeddable":true,"href":"https:\/\/annecadillon.fr\/index.php\/wp-json\/wp\/v2\/users\/1"}],"replies":[{"embeddable":true,"href":"https:\/\/annecadillon.fr\/index.php\/wp-json\/wp\/v2\/comments?post=127"}],"version-history":[{"count":6,"href":"https:\/\/annecadillon.fr\/index.php\/wp-json\/wp\/v2\/pages\/127\/revisions"}],"predecessor-version":[{"id":177,"href":"https:\/\/annecadillon.fr\/index.php\/wp-json\/wp\/v2\/pages\/127\/revisions\/177"}],"wp:attachment":[{"href":"https:\/\/annecadillon.fr\/index.php\/wp-json\/wp\/v2\/media?parent=127"}],"curies":[{"name":"wp","href":"https:\/\/api.w.org\/{rel}","templated":true}]}}