{"id":45,"date":"2018-12-23T07:43:43","date_gmt":"2018-12-23T06:43:43","guid":{"rendered":"http:\/\/annecadillon.fr\/?page_id=45"},"modified":"2024-10-09T17:48:29","modified_gmt":"2024-10-09T15:48:29","slug":"a-propos-de","status":"publish","type":"page","link":"https:\/\/annecadillon.fr\/index.php\/a-propos-de\/","title":{"rendered":"\u00c0 propos d&rsquo;Anne-B\u00e9rang\u00e8re CADILLON FOURNIER"},"content":{"rendered":"<p><img loading=\"lazy\" class=\"size-full wp-image-282 alignleft\" src=\"http:\/\/annecadillon.fr\/wp-content\/uploads\/2019\/07\/sophrologue-bordeaux-version-2.jpg\" alt=\"\" width=\"238\" height=\"265\" \/>Personnellement touch\u00e9e par le cancer \u00e0 l\u2019\u00e2ge de 30 ans, maman de deux enfants, et apr\u00e8s avoir v\u00e9cu successivement deux tumeurs ; j&rsquo;ai cherch\u00e9 \u00e0 comprendre ce que mon corps me disait. J&rsquo;ai donc entam\u00e9 un travail sur moi et cherch\u00e9 \u00e0 vivre ma vie diff\u00e9remment, plus consciemment. C\u2019est ainsi que j\u2019ai entam\u00e9 ma reconversion professionnelle vers le m\u00e9tier de Sophrologue d&rsquo;abord puis Praticienne en R\u00eave Eveill\u00e9 Libre, Psychopraticienne &#8211; Hypnotherapeute et Professeur de Yoga.<\/p>\n<p>Ma pratique est bas\u00e9e sur des techniques de respirations profondes et conscientes, ainsi que de la d\u00e9tente musculaire et de visualisations positives.<\/p>\n<p><strong>Sophrologue Praticienne Sp\u00e9cialis\u00e9e<\/strong>\u00a0 form\u00e9e (5 ann\u00e9es) et dipl\u00f4m\u00e9e par l\u2019<strong>ISEBA<\/strong> Institut de Sophrologie Existentielle de Bordeaux. Titulaire d&rsquo;une <strong>certification RNCP<\/strong><\/p>\n<p><strong>EEPA E<\/strong>cole <strong>E<\/strong>urop\u00e9enne des <strong>P<\/strong>hilosophies et <strong>P<\/strong>sychoth\u00e9rapie <strong>A<\/strong>ppliqu\u00e9es<strong> (5 ans) <\/strong>Accr\u00e9dit\u00e9e par la<strong> Conf\u00e9d\u00e9ration Europ\u00e9enne des Psychoth\u00e9rapies Psychanalytiques (ECPP) <\/strong>pour d\u00e9livrer le<strong> Certificat Europ\u00e9en de Psychoth\u00e9rapie Psychanalytique (CEPP)<\/strong><\/p>\n<p>\u00c9galement form\u00e9e \u00e0 l&rsquo;<strong>Hypnose\u00a0 ericksonienne<\/strong>\u00a0\u00e0 <strong>l&rsquo;hypno-Analg\u00e9sie<\/strong> au Centre de Formation Permanente des Personnels de Sant\u00e9 : <strong>CFPPS du CHU DE Bordeaux<\/strong>.<\/p>\n<p>Form\u00e9e au REL<strong> R\u00eave Eveill\u00e9 Libre<\/strong> par l&rsquo;<strong>ADREL PARIS <\/strong>(M\u00e9thode reconnue par la<strong>FF2P<\/strong>)<strong> F\u00e9d\u00e9ration Fran\u00e7aise de Psychoth\u00e9rapie et Psychanalyse<\/strong><\/p>\n<p>Depuis 2015,\u00a0 j\u2019interviens toutes les semaines au <strong>service oncologie<\/strong> de la <strong>Clinique de Bordeaux Nord Aquitaine.\u00a0<\/strong> J\u2019ai aussi \u00e0 c\u0153ur d\u2019\u00eatre <strong>b\u00e9n\u00e9vole<\/strong> pour l\u2019Association de la <strong>Maison ROSE<\/strong> de Bordeaux et ce depuis l&rsquo;ouverture.<\/p>\n<p>Sportive, j\u2019ai travaill\u00e9 en qualit\u00e9 d\u2019animatrice sports terrestres en centres de vacances \u00e0 l\u2019\u00e9tranger, puis j\u2019ai pass\u00e9 mon dipl\u00f4me de <strong>CQP Certificat de Qualification Professionnelle<\/strong> option : Activit\u00e9 Gym d\u2019Entretien et d\u2019Expression.<\/p>\n<p>Certifi\u00e9e en <strong>yoga yin<\/strong> et yoga <strong>nidra<\/strong> par <strong>YOGA POP BORDEAUX<\/strong><\/p>\n<p>Aujourd\u2019hui, je travaille avec des sportifs afin d\u2019am\u00e9liorer leurs performances en <strong>pr\u00e9paration mentale<\/strong>. Des chefs d&rsquo;entreprises, des \u00e9tudiants <strong>my campus eduservices bordeaux<\/strong>, des personnes \u00e2g\u00e9es en maison de retraite et cabinet.<\/p>\n<p>J&rsquo;accompagne les <strong>entreprises<\/strong> dans la <strong>pr\u00e9vention<\/strong> de <strong>QVCT<\/strong> (Qualit\u00e9 de Vie et Condition de Travail) &amp; RPS (Risques Psycho Sociaux) divers partenariats d\u2019entreprises pour accompagner les individus et les collectifs \u00e0 cr\u00e9er des environnements de travail favorables.<\/p>\n<p><a href=\"https:\/\/pepite-sc.com\/partenaires\/\">Partenaire<\/a> de <strong>P\u00e9pite sc\u00a0<\/strong><\/p>\n<p>Membre de la <em><span style=\"color: #0000ff;\"><a style=\"color: #0000ff;\" href=\"http:\/\/www.sophrologie-francaise.com\">SFS<\/a><\/span><\/em> (Soci\u00e9t\u00e9 Fran\u00e7aise de Sophrologie), ainsi que du Syndicat de Sophrologues Professionnels<strong> SSP<\/strong> ; je continue \u00e0 me former, et suis supervis\u00e9e dans le respect du code de d\u00e9ontologie pour vous accompagner au mieux dans votre demande. Ces crit\u00e8res sont aussi gages de qualit\u00e9 de ma pratique de sophrologue r\u00e9f\u00e9renc\u00e9e par l\u2019application <strong>BE YOURSELF<\/strong>.<\/p>\n<p>Je suis \u00e9galement <strong>Praticienne en m\u00e9ditation<\/strong>\u00a0 qui offre une pleine pr\u00e9sence au corps et \u00e0 ses \u00e9motions.<\/p>\n","protected":false},"excerpt":{"rendered":"<p>Personnellement touch\u00e9e par le cancer \u00e0 l\u2019\u00e2ge de 30 ans, maman de deux enfants, et apr\u00e8s avoir v\u00e9cu successivement deux tumeurs ; j&rsquo;ai cherch\u00e9 \u00e0 comprendre ce que mon corps me disait. J&rsquo;ai donc entam\u00e9 un travail sur moi et cherch\u00e9 \u00e0 vivre ma vie diff\u00e9remment, plus consciemment. C\u2019est ainsi que j\u2019ai entam\u00e9 ma reconversion &hellip; <\/p>\n<p class=\"link-more\"><a href=\"https:\/\/annecadillon.fr\/index.php\/a-propos-de\/\" class=\"more-link\">Continuer la lecture<span class=\"screen-reader-text\"> de &laquo;&nbsp;\u00c0 propos d&rsquo;Anne-B\u00e9rang\u00e8re CADILLON FOURNIER&nbsp;&raquo;<\/span><\/a><\/p>\n","protected":false},"author":1,"featured_media":0,"parent":0,"menu_order":0,"comment_status":"closed","ping_status":"closed","template":"","meta":[],"_links":{"self":[{"href":"https:\/\/annecadillon.fr\/index.php\/wp-json\/wp\/v2\/pages\/45"}],"collection":[{"href":"https:\/\/annecadillon.fr\/index.php\/wp-json\/wp\/v2\/pages"}],"about":[{"href":"https:\/\/annecadillon.fr\/index.php\/wp-json\/wp\/v2\/types\/page"}],"author":[{"embeddable":true,"href":"https:\/\/annecadillon.fr\/index.php\/wp-json\/wp\/v2\/users\/1"}],"replies":[{"embeddable":true,"href":"https:\/\/annecadillon.fr\/index.php\/wp-json\/wp\/v2\/comments?post=45"}],"version-history":[{"count":35,"href":"https:\/\/annecadillon.fr\/index.php\/wp-json\/wp\/v2\/pages\/45\/revisions"}],"predecessor-version":[{"id":462,"href":"https:\/\/annecadillon.fr\/index.php\/wp-json\/wp\/v2\/pages\/45\/revisions\/462"}],"wp:attachment":[{"href":"https:\/\/annecadillon.fr\/index.php\/wp-json\/wp\/v2\/media?parent=45"}],"curies":[{"name":"wp","href":"https:\/\/api.w.org\/{rel}","templated":true}]}}