{"id":46,"date":"2018-12-23T08:16:35","date_gmt":"2018-12-23T07:16:35","guid":{"rendered":"http:\/\/annecadillon.fr\/?page_id=46"},"modified":"2024-10-09T18:04:43","modified_gmt":"2024-10-09T16:04:43","slug":"contact","status":"publish","type":"page","link":"https:\/\/annecadillon.fr\/index.php\/contact\/","title":{"rendered":"Contact"},"content":{"rendered":"<p><strong><span style=\"color: #99ccff;\">Adresse du cabinet :<\/span><\/strong><\/p>\n<p>Anne-B\u00e9rang\u00e8re CADILLON FOURNIER<\/p>\n<p>Sophroth\u00e9rapeute, psychoth\u00e9rapeute, praticienne en hypnose et R\u00eave \u00c9veill\u00e9,<\/p>\n<p>Sp\u00e9cialis\u00e9e\u00a0 en <strong>oncologie<\/strong> &#8211; Gestion du stress et de la douleur &#8211; <strong>hypno<\/strong>analg\u00e9sie &#8211; Yoga yin &amp; <strong>NIDRA<\/strong><\/p>\n<p>18, avenue Georges Clemenceau<\/p>\n<p>33200 Bordeaux Caud\u00e9ran<\/p>\n<p><strong>T\u00e9l\u00e9phone :<\/strong><\/p>\n<p>06 21 49 12 61<\/p>\n<p><strong>Mail :<\/strong><\/p>\n<p><a href=\"mailto:absophrozen@outlook.fr\">absophrozen@outlook.fr<\/a><\/p>\n<p>Vous pouvez me suivre sur mon Site Facebook <a href=\"https:\/\/www.facebook.com\/AB-Sophro-ZEN-778362055605451\/\">AB Sophro ZEN et Instagram :<\/a><\/p>\n<p><a href=\"https:\/\/www.instagram.com\/anne_bcadillon\/\">https:\/\/www.instagram.com\/anne_bcadillon\/<\/a><\/p>\n","protected":false},"excerpt":{"rendered":"<p>Adresse du cabinet : Anne-B\u00e9rang\u00e8re CADILLON FOURNIER Sophroth\u00e9rapeute, psychoth\u00e9rapeute, praticienne en hypnose et R\u00eave \u00c9veill\u00e9, Sp\u00e9cialis\u00e9e\u00a0 en oncologie &#8211; Gestion du stress et de la douleur &#8211; hypnoanalg\u00e9sie &#8211; Yoga yin &amp; NIDRA 18, avenue Georges Clemenceau 33200 Bordeaux Caud\u00e9ran T\u00e9l\u00e9phone : 06 21 49 12 61 Mail : absophrozen@outlook.fr Vous pouvez me suivre sur &hellip; <\/p>\n<p class=\"link-more\"><a href=\"https:\/\/annecadillon.fr\/index.php\/contact\/\" class=\"more-link\">Continuer la lecture<span class=\"screen-reader-text\"> de &laquo;&nbsp;Contact&nbsp;&raquo;<\/span><\/a><\/p>\n","protected":false},"author":1,"featured_media":0,"parent":0,"menu_order":0,"comment_status":"closed","ping_status":"closed","template":"","meta":[],"_links":{"self":[{"href":"https:\/\/annecadillon.fr\/index.php\/wp-json\/wp\/v2\/pages\/46"}],"collection":[{"href":"https:\/\/annecadillon.fr\/index.php\/wp-json\/wp\/v2\/pages"}],"about":[{"href":"https:\/\/annecadillon.fr\/index.php\/wp-json\/wp\/v2\/types\/page"}],"author":[{"embeddable":true,"href":"https:\/\/annecadillon.fr\/index.php\/wp-json\/wp\/v2\/users\/1"}],"replies":[{"embeddable":true,"href":"https:\/\/annecadillon.fr\/index.php\/wp-json\/wp\/v2\/comments?post=46"}],"version-history":[{"count":17,"href":"https:\/\/annecadillon.fr\/index.php\/wp-json\/wp\/v2\/pages\/46\/revisions"}],"predecessor-version":[{"id":469,"href":"https:\/\/annecadillon.fr\/index.php\/wp-json\/wp\/v2\/pages\/46\/revisions\/469"}],"wp:attachment":[{"href":"https:\/\/annecadillon.fr\/index.php\/wp-json\/wp\/v2\/media?parent=46"}],"curies":[{"name":"wp","href":"https:\/\/api.w.org\/{rel}","templated":true}]}}